{"id":512,"date":"2023-04-05T17:12:13","date_gmt":"2023-04-05T14:12:13","guid":{"rendered":"https:\/\/curewe.fi\/?page_id=512"},"modified":"2024-05-08T09:44:48","modified_gmt":"2024-05-08T06:44:48","slug":"tietosuojaseloste","status":"publish","type":"page","link":"https:\/\/thepaja.zoner.dev\/cuwere\/tietosuojaseloste\/","title":{"rendered":"Tietosuojaseloste"},"content":{"rendered":"\n<h2 class=\"wp-block-heading\">Tietosuojaseloste<\/h2>\n\n\n\n<p>CuWeREn henkil\u00f6rekisterien hallinnassa k\u00e4ytet\u00e4\u00e4n seuraavia Metropolia Ammattikorkeakoulun tietosuojaselosteita: <\/p>\n\n\n\n<p><a href=\"https:\/\/www.metropolia.fi\/fi\/metropoliasta\/tietosuoja-ja-gdpr\/tietosuojaselosteet\/metropolian-viestinta-ja-markkinointipalveluiden-henkilorekisteri\">Metropolian viestint\u00e4- ja markkinointipalveluiden tietosuojarekisteri<\/a><\/p>\n\n\n\n<p><a href=\"https:\/\/www.metropolia.fi\/fi\/metropoliasta\/tietosuoja-ja-gdpr\/tietosuojaselosteet\/metropolian-tapahtumahallinnan-henkilorekisteri\">Metropolian tapahtumahallinnan henkil\u00f6rekisteri.<\/a><\/p>\n\n\n\n<p>CuWeREn k\u00e4yt\u00f6ss\u00e4 olevia henkil\u00f6tietoja hallinnoidaan ainoastaan Metropolia Ammattikorkeakoulussa. <\/p>\n","protected":false},"excerpt":{"rendered":"<p>Tietosuojaseloste CuWeREn henkil\u00f6rekisterien hallinnassa k\u00e4ytet\u00e4\u00e4n seuraavia Metropolia Ammattikorkeakoulun tietosuojaselosteita: Metropolian viestint\u00e4- ja markkinointipalveluiden tietosuojarekisteri Metropolian tapahtumahallinnan henkil\u00f6rekisteri. CuWeREn k\u00e4yt\u00f6ss\u00e4 olevia henkil\u00f6tietoja hallinnoidaan ainoastaan Metropolia Ammattikorkeakoulussa.<\/p>\n","protected":false},"author":2,"featured_media":0,"parent":0,"menu_order":0,"comment_status":"closed","ping_status":"closed","template":"","meta":{"_acf_changed":false,"footnotes":""},"class_list":["post-512","page","type-page","status-publish","hentry"],"acf":[],"_links":{"self":[{"href":"https:\/\/thepaja.zoner.dev\/cuwere\/wp-json\/wp\/v2\/pages\/512","targetHints":{"allow":["GET"]}}],"collection":[{"href":"https:\/\/thepaja.zoner.dev\/cuwere\/wp-json\/wp\/v2\/pages"}],"about":[{"href":"https:\/\/thepaja.zoner.dev\/cuwere\/wp-json\/wp\/v2\/types\/page"}],"author":[{"embeddable":true,"href":"https:\/\/thepaja.zoner.dev\/cuwere\/wp-json\/wp\/v2\/users\/2"}],"replies":[{"embeddable":true,"href":"https:\/\/thepaja.zoner.dev\/cuwere\/wp-json\/wp\/v2\/comments?post=512"}],"version-history":[{"count":2,"href":"https:\/\/thepaja.zoner.dev\/cuwere\/wp-json\/wp\/v2\/pages\/512\/revisions"}],"predecessor-version":[{"id":1226,"href":"https:\/\/thepaja.zoner.dev\/cuwere\/wp-json\/wp\/v2\/pages\/512\/revisions\/1226"}],"wp:attachment":[{"href":"https:\/\/thepaja.zoner.dev\/cuwere\/wp-json\/wp\/v2\/media?parent=512"}],"curies":[{"name":"wp","href":"https:\/\/api.w.org\/{rel}","templated":true}]}}